{"id":3,"date":"2020-06-29T23:15:17","date_gmt":"2020-06-29T21:15:18","guid":{"rendered":"http:\/\/canopee.studio\/?page_id=3"},"modified":"2024-04-01T00:18:19","modified_gmt":"2024-03-31T22:18:19","slug":"politique-de-confidentialite","status":"publish","type":"page","link":"https:\/\/canopee.studio\/fr\/politique-de-confidentialite\/","title":{"rendered":"Politique de confidentialit\u00e9"},"content":{"rendered":"<p>[et_pb_section fb_built=&#8221;1&#8243; admin_label=&#8221;Header&#8221; _builder_version=&#8221;4.24.2&#8243; _module_preset=&#8221;default&#8221; background_color=&#8221;#000000&#8243; background_blend=&#8221;overlay&#8221; background_enable_video_mp4=&#8221;off&#8221; custom_padding=&#8221;103px||0px||false|false&#8221; background_last_edited=&#8221;on|phone&#8221; background_enable_color_phone=&#8221;off&#8221; use_background_color_gradient_tablet=&#8221;on&#8221; use_background_color_gradient_phone=&#8221;off&#8221; background_color_gradient_stops_tablet=&#8221;#000000 88%|#ff6651 88%&#8221; da_disable_devices=&#8221;off|off|off&#8221; border_radii=&#8221;off||||&#8221; locked=&#8221;off&#8221; collapsed=&#8221;off&#8221; global_colors_info=&#8221;{}&#8221; da_is_popup=&#8221;off&#8221; da_exit_intent=&#8221;off&#8221; da_has_close=&#8221;on&#8221; da_alt_close=&#8221;off&#8221; da_dark_close=&#8221;off&#8221; da_not_modal=&#8221;on&#8221; da_is_singular=&#8221;off&#8221; da_with_loader=&#8221;off&#8221; da_has_shadow=&#8221;on&#8221;][et_pb_row _builder_version=&#8221;4.22.2&#8243; _module_preset=&#8221;default&#8221; max_width=&#8221;1280px&#8221; custom_margin=&#8221;|0px|0px|0px|false|true&#8221; custom_padding=&#8221;0px|0px|0px|0px|true|false&#8221; global_colors_info=&#8221;{}&#8221;][et_pb_column type=&#8221;4_4&#8243; _builder_version=&#8221;4.22.1&#8243; _module_preset=&#8221;default&#8221; global_colors_info=&#8221;{}&#8221;][et_pb_text _builder_version=&#8221;4.24.2&#8243; _module_preset=&#8221;default&#8221; text_font=&#8221;Satoshi Medium||||||||&#8221; text_text_color=&#8221;#F9F9F9&#8243; text_font_size=&#8221;22px&#8221; text_line_height=&#8221;1.8em&#8221; header_font=&#8221;Satoshi Bold||||||||&#8221; header_text_align=&#8221;left&#8221; header_text_color=&#8221;#FFFFFF&#8221; header_font_size=&#8221;85px&#8221; header_line_height=&#8221;1.2em&#8221; header_2_font=&#8221;Satoshi Regular||||||||&#8221; header_2_text_align=&#8221;center&#8221; header_2_text_color=&#8221;#F9F9F9&#8243; header_2_line_height=&#8221;1.8em&#8221; min_height=&#8221;93.4px&#8221; custom_margin=&#8221;27px||61px||false|false&#8221; custom_padding=&#8221;0px||0px||false|false&#8221; animation_style=&#8221;slide&#8221; animation_direction=&#8221;bottom&#8221; animation_duration=&#8221;1400ms&#8221; animation_starting_opacity=&#8221;25%&#8221; hover_enabled=&#8221;0&#8243; text_font_size_phone=&#8221;15px&#8221; text_font_size_last_edited=&#8221;off|phone&#8221; header_font_size_tablet=&#8221;85px&#8221; header_font_size_phone=&#8221;42px&#8221; header_font_size_last_edited=&#8221;on|phone&#8221; inline_fonts=&#8221;Playfair Display&#8221; global_colors_info=&#8221;{}&#8221; sticky_enabled=&#8221;0&#8243;]<em><span style=\"color: #f9f9f9; font-family: 'Playfair Display'; font-weight: normal;\"><\/span><\/em><\/p>\n<h1>Politique de confidentialit\u00e9<\/h1>\n<p>[\/et_pb_text][\/et_pb_column][\/et_pb_row][et_pb_row _builder_version=&#8221;4.24.2&#8243; _module_preset=&#8221;default&#8221; max_width=&#8221;1280px&#8221; custom_margin=&#8221;34px|auto|-6px|auto||&#8221; hover_enabled=&#8221;0&#8243; global_colors_info=&#8221;{}&#8221; sticky_enabled=&#8221;0&#8243;][et_pb_column type=&#8221;4_4&#8243; _builder_version=&#8221;4.24.2&#8243; _module_preset=&#8221;default&#8221; hover_enabled=&#8221;0&#8243; global_colors_info=&#8221;{}&#8221; sticky_enabled=&#8221;0&#8243;][et_pb_text module_class=&#8221;my-spacing&#8221; _builder_version=&#8221;4.24.2&#8243; _module_preset=&#8221;default&#8221; text_font=&#8221;Satoshi Regular||||||||&#8221; text_text_color=&#8221;#FFFFFF&#8221; text_font_size=&#8221;22px&#8221; text_line_height=&#8221;1.6em&#8221; link_font=&#8221;Satoshi Regular||||on||||&#8221; link_text_color=&#8221;#FFFFFF&#8221; header_font=&#8221;Satoshi Medium|700|||||||&#8221; header_2_font=&#8221;Satoshi Medium|600|||||||&#8221; header_2_text_color=&#8221;#FFFFFF&#8221; header_2_font_size=&#8221;30px&#8221; header_2_line_height=&#8221;1.6em&#8221; custom_padding=&#8221;||178px|||&#8221; global_colors_info=&#8221;{}&#8221; sticky_enabled=&#8221;0&#8243; header_3_font=&#8221;Satoshi Medium|600|||||||&#8221; header_3_text_color=&#8221;#F9F9F9&#8243; header_3_font_size=&#8221;23px&#8221; hover_enabled=&#8221;0&#8243;]<\/p>\n<h2>1. Parties et objet<\/h2>\n<p><strong>Canop\u00e9e Studio SRL<\/strong> (ci-apr\u00e8s &#8220;Canop\u00e9e Studio&#8221;)<\/p>\n<ul>\n<li>Avenue de la cal\u00e8che 36, 1300 Wavre<\/li>\n<li>BCE : 0467278593<\/li>\n<li>Mail : hello(at)canopee.studio<\/li>\n<li>T\u00e9l\u00e9phone : 0498257654<\/li>\n<\/ul>\n<p>Canop\u00e9e Studio \u00e9tablit la pr\u00e9sente Politique de confidentialit\u00e9 dont l&#8217;objet est d&#8217;informer en toute transparence les Utilisateurs du site internet h\u00e9berg\u00e9 \u00e0 l&#8217;adresse suivante : www.canopee.studio, (ci-apr\u00e8s le &#8220;Site&#8221;), de la mani\u00e8re dont les donn\u00e9es personnelles sont r\u00e9colt\u00e9es et trait\u00e9es par Canop\u00e9e Studio.<\/p>\n<h2>2. Traitement des donn\u00e9es personnelles<\/h2>\n<p>L&#8217;utilisation du Site par les Utilisateurs pourra entra\u00eener la communication de donn\u00e9es personnelles. Le traitement de ces donn\u00e9es par Canop\u00e9e Studio, en sa qualit\u00e9 de Responsable du traitement, ou par les prestataires agissant au nom et pour le compte de Canop\u00e9e Studio, sera conforme \u00e0 la Loi et au R\u00e8glement.<\/p>\n<h3>Finalit\u00e9 du traitement des donn\u00e9es personnelles<\/h3>\n<ul>\n<li>R\u00e9pondre aux questions de l&#8217;utilisateur via le formulaire de contact<\/li>\n<li>Ex\u00e9cuter des op\u00e9rations de marketing, via l&#8217;envoi de la newsletter<\/li>\n<li>Analyser les donn\u00e9es \u00e0 des fins de statistiques<\/li>\n<li>Am\u00e9liorer l&#8217;usage du site pour l&#8217;utilisateur<\/li>\n<li>Cibler les besoins de l&#8217;utilisateur<\/li>\n<\/ul>\n<h3>Donn\u00e9es personnelles susceptibles d&#8217;\u00eatre trait\u00e9es<\/h3>\n<p>L&#8217;Utilisateur consent, lors de la visite et lors de l&#8217;utilisation du Site, que Canop\u00e9e Studio recueille et traite, selon les modalit\u00e9s et principes d\u00e9crits dans la pr\u00e9sente Politique de confidentialit\u00e9, les donn\u00e9es \u00e0 caract\u00e8re personnel suivantes :<\/p>\n<ul>\n<li>Les informations des utilisateurs en remplissant des formulaires ou en les contactant par t\u00e9l\u00e9phone, adresse \u00e9lectronique ou autre moyen: le nom, l&#8217;adresse, l&#8217;adresse \u00e9lectronique et le num\u00e9ro de t\u00e9l\u00e9phone des utilisateurs.<\/li>\n<li>En ce qui concerne chacune des visites des utilisateurs sur le site, les informations automatiquement recueillies sont : l&#8217;adresse IP, le type et mod\u00e8le de navigateur, le fuseau horaire, le syst\u00e8me d&#8217;exploitation; l&#8217;ensemble de l&#8217;information concernant les pages que l&#8217;utilisateur a consult\u00e9es sur le site, notamment l&#8217;URL, le temps de navigation.<\/li>\n<\/ul>\n<h3>Consentement<\/h3>\n<p>En acc\u00e9dant au Site et en l&#8217;utilisant, l&#8217;Utilisateur d\u00e9clare avoir pris connaissance et marqu\u00e9 son accord de fa\u00e7on libre, sp\u00e9cifique, \u00e9clair\u00e9e et univoque au traitement des donn\u00e9es \u00e0 caract\u00e8re personnel la concernant. Cet accord porte sur le contenu de la pr\u00e9sente Politique de confidentialit\u00e9.<\/p>\n<h3>Dur\u00e9e de conservation des donn\u00e9es personnelles des utilisateurs<\/h3>\n<p>Conform\u00e9ment \u00e0 l&#8217;article 13 \u00a72 du R\u00e8glement et de la Loi, le Responsable du Traitement ne conserve les donn\u00e9es \u00e0 caract\u00e8re personnel que pendant le temps raisonnablement n\u00e9cessaire pour permettre l&#8217;accomplissement des finalit\u00e9s pour lesquelles elles sont trait\u00e9es.<\/p>\n<h3>Destinataires des donn\u00e9es et divulgation \u00e0 des tiers<\/h3>\n<p>Les donn\u00e9es personnelles peuvent \u00eatre transmises aux pr\u00e9pos\u00e9s, collaborateurs, sous-traitants ou fournisseurs de Canop\u00e9e Studio qui offrent des garanties de s\u00e9curit\u00e9 des donn\u00e9es ad\u00e9quates, et qui collaborent avec Canop\u00e9e Studio dans le cadre de la commercialisation de produits ou de la fourniture de services.<\/p>\n<h2>3. Droits des utilisateurs<\/h2>\n<p>L&#8217;Utilisateur peut exercer ses droits en envoyant un message par courrier \u00e9lectronique \u00e0 l&#8217;adresse suivante : hello@canopee.studio, ou une lettre par voie postale adress\u00e9e, en joignant une copie de sa carte d&#8217;identit\u00e9 \u00e0 l&#8217;adresse suivante : Avenue de la cal\u00e8che 36, 1300 Wavre<\/p>\n<h3>Droit d&#8217;acc\u00e8s, de rectification, d&#8217;effacement et de limitation du traitement<\/h3>\n<p>L&#8217;Utilisateur a le droit d&#8217;obtenir du Responsable du traitement la confirmation que des donn\u00e9es \u00e0 caract\u00e8re personnel le concernant sont ou ne sont pas trait\u00e9es et, lorsqu&#8217;elles le sont, l&#8217;acc\u00e8s auxdites donn\u00e9es et \u00e0 plusieurs informations relatives au traitement.<\/p>\n<h3>Droit de portabilit\u00e9 des donn\u00e9es<\/h3>\n<p>Les Utilisateurs ont le droit de recevoir les donn\u00e9es \u00e0 caract\u00e8re personnel les concernant qu&#8217;ils ont fournies \u00e0 Canop\u00e9e Studio, dans un format structur\u00e9, couramment utilis\u00e9 et lisible par machine.<\/p>\n<h3>Droit d&#8217;opposition et d\u00e9cisions automatis\u00e9es individuelles<\/h3>\n<p>L&#8217;Utilisateur a le droit de s&#8217;opposer \u00e0 tout moment au traitement de ses donn\u00e9es personnelles, y compris le profilage, dans certaines conditions.<\/p>\n<h3>Droit de plainte<\/h3>\n<p>L&#8217;Utilisateur dispose du droit d&#8217;introduire une plainte aupr\u00e8s de l&#8217;Autorit\u00e9 de Protection des Donn\u00e9es \u00e0 l&#8217;adresse suivante : Rue de la Presse 35, 1000 Bruxelles.<\/p>\n<h2>4. Cookies<\/h2>\n<p>Le Site utilise des cookies pour distinguer les Utilisateurs du Site. Cela permet de fournir aux Utilisateurs une meilleure exp\u00e9rience de navigation et une am\u00e9lioration du Site et de son contenu.<\/p>\n<h3>Type de cookies et finalit\u00e9s poursuivies<\/h3>\n<p>Diff\u00e9rents types de cookies sont utilis\u00e9s par Canop\u00e9e Studio sur le Site, incluant des cookies techniques, de mesure d&#8217;audience, fonctionnels, et de tra\u00e7age.<\/p>\n<h3>Gestion des cookies<\/h3>\n<p>Si l&#8217;Utilisateur ne veut pas que le Site Internet place des cookies sur son disque dur, il est ais\u00e9 de les g\u00e9rer ou les supprimer en modifiant les param\u00e8tres de son navigateur.<\/p>\n<h2>5. Limitation de responsabilit\u00e9 du Responsable de traitement<\/h2>\n<p>Le site Internet peut contenir des liens vers d&#8217;autres sites internet d\u00e9tenus par des tiers non li\u00e9s \u00e0 Canop\u00e9e Studio. Le contenu de ces sites et le respect de ceux-ci au regard de la Loi et du R\u00e8glement ne rel\u00e8vent pas de la responsabilit\u00e9 de Canop\u00e9e Studio.<\/p>\n<h2>6. Droit applicable et juridiction comp\u00e9tente<\/h2>\n<p>La pr\u00e9sente Politique de confidentialit\u00e9 est exclusivement r\u00e9gie par le droit belge. Tout litige sera port\u00e9 devant les tribunaux de l&#8217;arrondissement judiciaire du si\u00e8ge social de Canop\u00e9e Studio.<\/p>\n<h2>7. Contact<\/h2>\n<p>Pour toute question ou r\u00e9clamation relative \u00e0 la pr\u00e9sente Politique de confidentialit\u00e9, l&#8217;Utilisateur peut contacter le Responsable du traitement via l&#8217;adresse suivante : hello(at)canopee.studio.<\/p>\n<p>&nbsp;<\/p>\n<p>[\/et_pb_text][\/et_pb_column][\/et_pb_row][\/et_pb_section]<\/p>\n","protected":false},"excerpt":{"rendered":"<p>Politique de confidentialit\u00e91. Parties et objet Canop\u00e9e Studio SRL (ci-apr\u00e8s &#8220;Canop\u00e9e Studio&#8221;) Avenue de la cal\u00e8che 36, 1300 Wavre BCE : 0467278593 Mail : hello(at)canopee.studio T\u00e9l\u00e9phone : 0498257654 Canop\u00e9e Studio \u00e9tablit la pr\u00e9sente Politique de confidentialit\u00e9 dont l&#8217;objet est d&#8217;informer en toute transparence les Utilisateurs du site internet h\u00e9berg\u00e9 \u00e0 l&#8217;adresse suivante : www.canopee.studio, (ci-apr\u00e8s [&hellip;]<\/p>\n","protected":false},"author":3,"featured_media":0,"parent":0,"menu_order":0,"comment_status":"closed","ping_status":"open","template":"","meta":{"_et_pb_use_builder":"on","_et_pb_old_content":"<!-- wp:heading -->\n<h2>Qui sommes-nous&nbsp;?<\/h2>\n<!-- \/wp:heading -->\n\n<!-- wp:paragraph -->\n<p>L\u2019adresse de notre site Web est&nbsp;: http:\/\/canopee.studio.<\/p>\n<!-- \/wp:paragraph -->\n\n<!-- wp:heading -->\n<h2>Utilisation des donn\u00e9es personnelles collect\u00e9es<\/h2>\n<!-- \/wp:heading -->\n\n<!-- wp:heading {\"level\":3} -->\n<h3>Commentaires<\/h3>\n<!-- \/wp:heading -->\n\n<!-- wp:paragraph -->\n<p>Quand vous laissez un commentaire sur notre site web, les donn\u00e9es inscrites dans le formulaire de commentaire, mais aussi votre adresse IP et l\u2019agent utilisateur de votre navigateur sont collect\u00e9s pour nous aider \u00e0 la d\u00e9tection des commentaires ind\u00e9sirables.<\/p>\n<!-- \/wp:paragraph -->\n\n<!-- wp:paragraph -->\n<p>Une cha\u00eene anonymis\u00e9e cr\u00e9\u00e9e \u00e0 partir de votre adresse de messagerie (\u00e9galement appel\u00e9e hash) peut \u00eatre envoy\u00e9e au service Gravatar pour v\u00e9rifier si vous utilisez ce dernier. Les clauses de confidentialit\u00e9 du service Gravatar sont disponibles ici&nbsp;: https:\/\/automattic.com\/privacy\/. Apr\u00e8s validation de votre commentaire, votre photo de profil sera visible publiquement \u00e0 cot\u00e9 de votre commentaire.<\/p>\n<!-- \/wp:paragraph -->\n\n<!-- wp:heading {\"level\":3} -->\n<h3>M\u00e9dias<\/h3>\n<!-- \/wp:heading -->\n\n<!-- wp:paragraph -->\n<p>Si vous \u00eates un utilisateur ou une utilisatrice enregistr\u00e9\u00b7e et que vous t\u00e9l\u00e9versez des images sur le site web, nous vous conseillons d\u2019\u00e9viter de t\u00e9l\u00e9verser des images contenant des donn\u00e9es EXIF de coordonn\u00e9es GPS. Les visiteurs de votre site web peuvent t\u00e9l\u00e9charger et extraire des donn\u00e9es de localisation depuis ces images.<\/p>\n<!-- \/wp:paragraph -->\n\n<!-- wp:heading {\"level\":3} -->\n<h3>Formulaires de contact<\/h3>\n<!-- \/wp:heading -->\n\n<!-- wp:heading {\"level\":3} -->\n<h3>Cookies<\/h3>\n<!-- \/wp:heading -->\n\n<!-- wp:paragraph -->\n<p>Si vous d\u00e9posez un commentaire sur notre site, il vous sera propos\u00e9 d\u2019enregistrer votre nom, adresse de messagerie et site web dans des cookies. C\u2019est uniquement pour votre confort afin de ne pas avoir \u00e0 saisir ces informations si vous d\u00e9posez un autre commentaire plus tard. Ces cookies expirent au bout d\u2019un an.<\/p>\n<!-- \/wp:paragraph -->\n\n<!-- wp:paragraph -->\n<p>Si vous avez un compte et que vous vous connectez sur ce site, un cookie temporaire sera cr\u00e9\u00e9 afin de d\u00e9terminer si votre navigateur accepte les cookies. Il ne contient pas de donn\u00e9es personnelles et sera supprim\u00e9 automatiquement \u00e0 la fermeture de votre navigateur.<\/p>\n<!-- \/wp:paragraph -->\n\n<!-- wp:paragraph -->\n<p>Lorsque vous vous connecterez, nous mettrons en place un certain nombre de cookies pour enregistrer vos informations de connexion et vos pr\u00e9f\u00e9rences d\u2019\u00e9cran. La dur\u00e9e de vie d\u2019un cookie de connexion est de deux jours, celle d\u2019un cookie d\u2019option d\u2019\u00e9cran est d\u2019un an. Si vous cochez \u00ab&nbsp;Se souvenir de moi&nbsp;\u00bb, votre cookie de connexion sera conserv\u00e9 pendant deux semaines. Si vous vous d\u00e9connectez de votre compte, le cookie de connexion sera effac\u00e9.<\/p>\n<!-- \/wp:paragraph -->\n\n<!-- wp:paragraph -->\n<p>En modifiant ou en publiant une publication, un cookie suppl\u00e9mentaire sera enregistr\u00e9 dans votre navigateur. Ce cookie ne comprend aucune donn\u00e9e personnelle. Il indique simplement l\u2019ID de la publication que vous venez de modifier. Il expire au bout d\u2019un jour.<\/p>\n<!-- \/wp:paragraph -->\n\n<!-- wp:heading {\"level\":3} -->\n<h3>Contenu embarqu\u00e9 depuis d\u2019autres sites<\/h3>\n<!-- \/wp:heading -->\n\n<!-- wp:paragraph -->\n<p>Les articles de ce site peuvent inclure des contenus int\u00e9gr\u00e9s (par exemple des vid\u00e9os, images, articles\u2026). Le contenu int\u00e9gr\u00e9 depuis d\u2019autres sites se comporte de la m\u00eame mani\u00e8re que si le visiteur se rendait sur cet autre site.<\/p>\n<!-- \/wp:paragraph -->\n\n<!-- wp:paragraph -->\n<p>Ces sites web pourraient collecter des donn\u00e9es sur vous, utiliser des cookies, embarquer des outils de suivis tiers, suivre vos interactions avec ces contenus embarqu\u00e9s si vous disposez d\u2019un compte connect\u00e9 sur leur site web.<\/p>\n<!-- \/wp:paragraph -->\n\n<!-- wp:heading {\"level\":3} -->\n<h3>Statistiques et mesures d\u2019audience<\/h3>\n<!-- \/wp:heading -->\n\n<!-- wp:heading -->\n<h2>Utilisation et transmission de vos donn\u00e9es personnelles<\/h2>\n<!-- \/wp:heading -->\n\n<!-- wp:heading -->\n<h2>Dur\u00e9es de stockage de vos donn\u00e9es<\/h2>\n<!-- \/wp:heading -->\n\n<!-- wp:paragraph -->\n<p>Si vous laissez un commentaire, le commentaire et ses m\u00e9tadonn\u00e9es sont conserv\u00e9s ind\u00e9finiment. Cela permet de reconna\u00eetre et approuver automatiquement les commentaires suivants au lieu de les laisser dans la file de mod\u00e9ration.<\/p>\n<!-- \/wp:paragraph -->\n\n<!-- wp:paragraph -->\n<p>Pour les utilisateurs et utilisatrices qui s\u2019enregistrent sur notre site (si cela est possible), nous stockons \u00e9galement les donn\u00e9es personnelles indiqu\u00e9es dans leur profil. Tous les utilisateurs et utilisatrices peuvent voir, modifier ou supprimer leurs informations personnelles \u00e0 tout moment (\u00e0 l\u2019exception de leur nom d\u2019utilisateur\u00b7ice). Les gestionnaires du site peuvent aussi voir et modifier ces informations.<\/p>\n<!-- \/wp:paragraph -->\n\n<!-- wp:heading -->\n<h2>Les droits que vous avez sur vos donn\u00e9es<\/h2>\n<!-- \/wp:heading -->\n\n<!-- wp:paragraph -->\n<p>Si vous avez un compte ou si vous avez laiss\u00e9 des commentaires sur le site, vous pouvez demander \u00e0 recevoir un fichier contenant toutes les donn\u00e9es personnelles que nous poss\u00e9dons \u00e0 votre sujet, incluant celles que vous nous avez fournies. Vous pouvez \u00e9galement demander la suppression des donn\u00e9es personnelles vous concernant. Cela ne prend pas en compte les donn\u00e9es stock\u00e9es \u00e0 des fins administratives, l\u00e9gales ou pour des raisons de s\u00e9curit\u00e9.<\/p>\n<!-- \/wp:paragraph -->\n\n<!-- wp:heading -->\n<h2>Transmission de vos donn\u00e9es personnelles<\/h2>\n<!-- \/wp:heading -->\n\n<!-- wp:paragraph -->\n<p>Les commentaires des visiteurs peuvent \u00eatre v\u00e9rifi\u00e9s \u00e0 l\u2019aide d\u2019un service automatis\u00e9 de d\u00e9tection des commentaires ind\u00e9sirables.<\/p>\n<!-- \/wp:paragraph -->\n\n<!-- wp:heading -->\n<h2>Informations de contact<\/h2>\n<!-- \/wp:heading -->\n\n<!-- wp:heading -->\n<h2>Informations suppl\u00e9mentaires<\/h2>\n<!-- \/wp:heading -->\n\n<!-- wp:heading {\"level\":3} -->\n<h3>Comment nous prot\u00e9geons vos donn\u00e9es<\/h3>\n<!-- \/wp:heading -->\n\n<!-- wp:heading {\"level\":3} -->\n<h3>Proc\u00e9dures mises en \u0153uvre en cas de fuite de donn\u00e9es<\/h3>\n<!-- \/wp:heading -->\n\n<!-- wp:heading {\"level\":3} -->\n<h3>Les services tiers qui nous transmettent des donn\u00e9es<\/h3>\n<!-- \/wp:heading -->\n\n<!-- wp:heading {\"level\":3} -->\n<h3>Op\u00e9rations de marketing automatis\u00e9 et\/ou de profilage r\u00e9alis\u00e9es \u00e0 l\u2019aide des donn\u00e9es personnelles<\/h3>\n<!-- \/wp:heading -->\n\n<!-- wp:heading {\"level\":3} -->\n<h3>Affichage des informations li\u00e9es aux secteurs soumis \u00e0 des r\u00e9gulations sp\u00e9cifiques<\/h3>\n<!-- \/wp:heading -->","_et_gb_content_width":"","om_disable_all_campaigns":false,"footnotes":""},"class_list":["post-3","page","type-page","status-publish","hentry"],"_links":{"self":[{"href":"https:\/\/canopee.studio\/fr\/wp-json\/wp\/v2\/pages\/3","targetHints":{"allow":["GET"]}}],"collection":[{"href":"https:\/\/canopee.studio\/fr\/wp-json\/wp\/v2\/pages"}],"about":[{"href":"https:\/\/canopee.studio\/fr\/wp-json\/wp\/v2\/types\/page"}],"author":[{"embeddable":true,"href":"https:\/\/canopee.studio\/fr\/wp-json\/wp\/v2\/users\/3"}],"replies":[{"embeddable":true,"href":"https:\/\/canopee.studio\/fr\/wp-json\/wp\/v2\/comments?post=3"}],"version-history":[{"count":6,"href":"https:\/\/canopee.studio\/fr\/wp-json\/wp\/v2\/pages\/3\/revisions"}],"predecessor-version":[{"id":22989237,"href":"https:\/\/canopee.studio\/fr\/wp-json\/wp\/v2\/pages\/3\/revisions\/22989237"}],"wp:attachment":[{"href":"https:\/\/canopee.studio\/fr\/wp-json\/wp\/v2\/media?parent=3"}],"curies":[{"name":"wp","href":"https:\/\/api.w.org\/{rel}","templated":true}]}}