{"id":22991043,"date":"2025-07-22T20:28:52","date_gmt":"2025-07-22T18:28:52","guid":{"rendered":"https:\/\/canopee.studio\/?page_id=22991043"},"modified":"2025-07-22T22:47:27","modified_gmt":"2025-07-22T20:47:27","slug":"projects","status":"publish","type":"page","link":"https:\/\/canopee.studio\/fr\/projects\/","title":{"rendered":"Projects"},"content":{"rendered":"<p>[et_pb_section fb_built=&#8221;1&#8243; custom_padding_last_edited=&#8221;on|phone&#8221; admin_label=&#8221;Portfolio&#8221; _builder_version=&#8221;4.27.4&#8243; _module_preset=&#8221;default&#8221; background_color=&#8221;#F9F9F9&#8243; background_enable_image=&#8221;off&#8221; background_blend=&#8221;overlay&#8221; custom_margin=&#8221;0px||0px||false|false&#8221; custom_margin_tablet=&#8221;0px||0px||false|false&#8221; custom_margin_phone=&#8221;50px||0px||false|false&#8221; custom_margin_last_edited=&#8221;on|phone&#8221; custom_padding=&#8221;0px||0px||false|false&#8221; custom_padding_tablet=&#8221;0px||100px||false|false&#8221; custom_padding_phone=&#8221;0px||40px||false|false&#8221; scroll_vertical_motion=&#8221;0|50|50|50|4|0|-4&#8243; da_disable_devices=&#8221;off|off|off&#8221; border_radii=&#8221;on|50px|50px|50px|50px&#8221; locked=&#8221;off&#8221; global_colors_info=&#8221;{}&#8221; da_is_popup=&#8221;off&#8221; da_exit_intent=&#8221;off&#8221; da_has_close=&#8221;on&#8221; da_alt_close=&#8221;off&#8221; da_dark_close=&#8221;off&#8221; da_not_modal=&#8221;on&#8221; da_is_singular=&#8221;off&#8221; da_with_loader=&#8221;off&#8221; da_has_shadow=&#8221;on&#8221;][et_pb_row custom_padding_last_edited=&#8221;on|phone&#8221; _builder_version=&#8221;4.27.4&#8243; _module_preset=&#8221;default&#8221; background_color=&#8221;RGBA(255,255,255,0)&#8221; width=&#8221;90%&#8221; width_tablet=&#8221;90%&#8221; width_phone=&#8221;90%&#8221; width_last_edited=&#8221;on|tablet&#8221; max_width=&#8221;1180px&#8221; custom_margin=&#8221;0px|auto|0px|auto|false|false&#8221; custom_padding=&#8221;113px||4px|||&#8221; custom_padding_tablet=&#8221;80px||||false|false&#8221; custom_padding_phone=&#8221;66px||4px||false|false&#8221; global_colors_info=&#8221;{}&#8221;][et_pb_column type=&#8221;4_4&#8243; _builder_version=&#8221;4.27.2&#8243; _module_preset=&#8221;default&#8221; global_colors_info=&#8221;{}&#8221;][et_pb_text module_id=&#8221;work&#8221; _builder_version=&#8221;4.27.4&#8243; _module_preset=&#8221;default&#8221; header_font=&#8221;Playfair Display||||||||&#8221; header_text_align=&#8221;left&#8221; header_font_size=&#8221;80px&#8221; header_line_height=&#8221;1.2em&#8221; header_2_font=&#8221;Playfair Display||||||||&#8221; header_2_font_size=&#8221;60px&#8221; header_2_line_height=&#8221;1.2em&#8221; custom_margin_tablet=&#8221;&#8221; custom_margin_phone=&#8221;0px||20px||false|false&#8221; custom_margin_last_edited=&#8221;on|phone&#8221; custom_padding_tablet=&#8221;&#8221; custom_padding_phone=&#8221;||0px||false|false&#8221; custom_padding_last_edited=&#8221;on|phone&#8221; hover_enabled=&#8221;0&#8243; header_2_font_size_tablet=&#8221;45px&#8221; header_2_font_size_phone=&#8221;28px&#8221; header_2_font_size_last_edited=&#8221;on|phone&#8221; header_2_line_height_tablet=&#8221;1.2em&#8221; header_2_line_height_phone=&#8221;1.2em&#8221; header_2_line_height_last_edited=&#8221;on|tablet&#8221; global_colors_info=&#8221;{}&#8221; sticky_enabled=&#8221;0&#8243;]<\/p>\n<h2 style=\"text-align: center;\">Discover a glimpse into the kind of work we create for our clients<\/h2>\n<p>[\/et_pb_text][\/et_pb_column][\/et_pb_row][et_pb_row column_structure=&#8221;1_2,1_2&#8243; use_custom_gutter=&#8221;on&#8221; gutter_width=&#8221;1&#8243; custom_padding_last_edited=&#8221;on|tablet&#8221; _builder_version=&#8221;4.27.4&#8243; _module_preset=&#8221;default&#8221; width=&#8221;90%&#8221; width_tablet=&#8221;90%&#8221; width_phone=&#8221;90%&#8221; width_last_edited=&#8221;on|desktop&#8221; max_width=&#8221;2560px&#8221; custom_margin=&#8221;97px|auto|0px|auto|false|true&#8221; custom_margin_tablet=&#8221;30px||||false|true&#8221; custom_margin_phone=&#8221;0px|auto|0px|auto|false|true&#8221; custom_margin_last_edited=&#8221;on|phone&#8221; custom_padding=&#8221;7px||87px||false|true&#8221; custom_padding_tablet=&#8221;0px||||false|true&#8221; custom_padding_phone=&#8221;0px||0px||false|true&#8221; motion_trigger_start=&#8221;top&#8221; hover_enabled=&#8221;0&#8243; global_colors_info=&#8221;{}&#8221; sticky_enabled=&#8221;0&#8243;][et_pb_column type=&#8221;1_2&#8243; _builder_version=&#8221;4.27.2&#8243; _module_preset=&#8221;default&#8221; global_colors_info=&#8221;{}&#8221;][et_pb_code _builder_version=&#8221;4.27.4&#8243; _module_preset=&#8221;default&#8221; custom_margin=&#8221;|5px||5px|false|true&#8221; hover_enabled=&#8221;0&#8243; global_colors_info=&#8221;{}&#8221; sticky_enabled=&#8221;0&#8243;]<\/p>\n<div class=\"custom-image-zoom-container\"> <!-- [et_pb_line_break_holder] --><\/p>\n<div class=\"custom-image-zoom\"><!-- [et_pb_line_break_holder] -->    <img decoding=\"async\" src=\"https:\/\/canopee.studio\/wp-content\/uploads\/2025\/07\/tableau-menu-design-affiche.webp\" alt=\"Art Event\" \/><!-- [et_pb_line_break_holder] -->  <\/div>\n<p><!-- [et_pb_line_break_holder] --><\/div>\n<p><!-- [et_pb_line_break_holder] -->[\/et_pb_code][et_pb_code _builder_version=&#8221;4.27.4&#8243; _module_preset=&#8221;default&#8221; custom_margin=&#8221;10px|5px||5px|false|true&#8221; hover_enabled=&#8221;0&#8243; global_colors_info=&#8221;{}&#8221; sticky_enabled=&#8221;0&#8243;]<\/p>\n<div class=\"custom-image-zoom-container\"> <!-- [et_pb_line_break_holder] --><\/p>\n<div class=\"custom-image-zoom\"><!-- [et_pb_line_break_holder] -->    <img decoding=\"async\" src=\"https:\/\/canopee.studio\/wp-content\/uploads\/2025\/07\/In-Bw-Vitrine-stickers.webp\" alt=\"Art Event\" \/><!-- [et_pb_line_break_holder] -->  <\/div>\n<p><!-- [et_pb_line_break_holder] --><\/div>\n<p><!-- [et_pb_line_break_holder] -->[\/et_pb_code][et_pb_code _builder_version=&#8221;4.27.4&#8243; _module_preset=&#8221;default&#8221; custom_margin=&#8221;10px|5px||5px|false|true&#8221; hover_enabled=&#8221;0&#8243; global_colors_info=&#8221;{}&#8221; sticky_enabled=&#8221;0&#8243;]<\/p>\n<div class=\"custom-image-zoom-container\"> <!-- [et_pb_line_break_holder] --><\/p>\n<div class=\"custom-image-zoom\"><!-- [et_pb_line_break_holder] -->    <img decoding=\"async\" src=\"https:\/\/canopee.studio\/wp-content\/uploads\/2025\/07\/Reskill4netzero-tote-bag-branding-energy.webp\" alt=\"Art Event\" \/><!-- [et_pb_line_break_holder] -->  <\/div>\n<p><!-- [et_pb_line_break_holder] --><\/div>\n<p><!-- [et_pb_line_break_holder] -->[\/et_pb_code][et_pb_code _builder_version=&#8221;4.27.4&#8243; _module_preset=&#8221;default&#8221; custom_margin=&#8221;10px|5px||5px|false|true&#8221; hover_enabled=&#8221;0&#8243; global_colors_info=&#8221;{}&#8221; sticky_enabled=&#8221;0&#8243;]<\/p>\n<div class=\"custom-image-zoom-container\"> <!-- [et_pb_line_break_holder] --><\/p>\n<div class=\"custom-image-zoom\"><!-- [et_pb_line_break_holder] -->    <img decoding=\"async\" src=\"https:\/\/canopee.studio\/wp-content\/uploads\/2025\/07\/eucitycalc-website-mobile.webp\" alt=\"Art Event\" \/><!-- [et_pb_line_break_holder] -->  <\/div>\n<p><!-- [et_pb_line_break_holder] --><\/div>\n<p><!-- [et_pb_line_break_holder] -->[\/et_pb_code][et_pb_code _builder_version=&#8221;4.27.4&#8243; _module_preset=&#8221;default&#8221; custom_margin=&#8221;10px|5px||5px|false|true&#8221; hover_enabled=&#8221;0&#8243; global_colors_info=&#8221;{}&#8221; sticky_enabled=&#8221;0&#8243;]<\/p>\n<div class=\"custom-image-zoom-container\"> <!-- [et_pb_line_break_holder] --><\/p>\n<div class=\"custom-image-zoom\"><!-- [et_pb_line_break_holder] -->    <img decoding=\"async\" src=\"https:\/\/canopee.studio\/wp-content\/uploads\/2025\/07\/AJMP-business-card.webp\" alt=\"Art Event\" \/><!-- [et_pb_line_break_holder] -->  <\/div>\n<p><!-- [et_pb_line_break_holder] --><\/div>\n<p><!-- [et_pb_line_break_holder] -->[\/et_pb_code][et_pb_code _builder_version=&#8221;4.27.4&#8243; _module_preset=&#8221;default&#8221; custom_margin=&#8221;10px|5px||5px|false|true&#8221; hover_enabled=&#8221;0&#8243; global_colors_info=&#8221;{}&#8221; sticky_enabled=&#8221;0&#8243;]<\/p>\n<div class=\"custom-image-zoom-container\"> <!-- [et_pb_line_break_holder] --><\/p>\n<div class=\"custom-image-zoom\"><!-- [et_pb_line_break_holder] -->    <img decoding=\"async\" src=\"https:\/\/canopee.studio\/wp-content\/uploads\/2025\/07\/ajmp-branding.webp\" alt=\"Art Event\" \/><!-- [et_pb_line_break_holder] -->  <\/div>\n<p><!-- [et_pb_line_break_holder] --><\/div>\n<p><!-- [et_pb_line_break_holder] -->[\/et_pb_code][et_pb_code _builder_version=&#8221;4.27.4&#8243; _module_preset=&#8221;default&#8221; custom_margin=&#8221;10px|5px||5px|false|true&#8221; hover_enabled=&#8221;0&#8243; global_colors_info=&#8221;{}&#8221; sticky_enabled=&#8221;0&#8243;]<\/p>\n<div class=\"custom-image-zoom-container\"> <!-- [et_pb_line_break_holder] --><\/p>\n<div class=\"custom-image-zoom\"><!-- [et_pb_line_break_holder] -->    <img decoding=\"async\" src=\"https:\/\/canopee.studio\/wp-content\/uploads\/2025\/07\/Rapport-Sciensano-2-scaled.webp\" alt=\"Art Event\" \/><!-- [et_pb_line_break_holder] -->  <\/div>\n<p><!-- [et_pb_line_break_holder] --><\/div>\n<p><!-- [et_pb_line_break_holder] -->[\/et_pb_code][\/et_pb_column][et_pb_column type=&#8221;1_2&#8243; _builder_version=&#8221;4.27.2&#8243; _module_preset=&#8221;default&#8221; global_colors_info=&#8221;{}&#8221;][et_pb_code _builder_version=&#8221;4.27.4&#8243; _module_preset=&#8221;default&#8221; custom_margin=&#8221;|5px||5px|false|true&#8221; link_option_url=&#8221;https:\/\/canopee.studio\/art-o-rama-centre-wallonie-bruxelles\/&#8221; hover_enabled=&#8221;0&#8243; custom_css_free_form=&#8221;\/* Encapsulation du style pour \u00e9viter tout conflit *\/||.custom-image-zoom-container {||  position: relative;||  width: 100%; \/* Assure que le conteneur prend toute la largeur disponible *\/||  max-width: none; \/* Supprime toute restriction de largeur maximale *\/||  margin: 0; \/* \u00c9vite tout centrage qui pourrait r\u00e9duire la largeur *\/||  overflow: hidden; \/* Coupe tout d\u00e9bordement *\/||}||||.custom-image-zoom img {||  width: 100%; \/* L&#8217;image s&#8217;\u00e9tend toujours \u00e0 la largeur compl\u00e8te du bloc *\/||  height: auto; \/* Pr\u00e9serve les proportions *\/||  display: block; \/* Supprime les espaces blancs sous l&#8217;image *\/||  object-fit: cover; \/* Remplit enti\u00e8rement le conteneur sans d\u00e9formation *\/||  transition: transform 3s ease; \/* Effet de zoom fluide *\/||}||||.custom-image-zoom:hover img {||  transform: scale(1.1); \/* Zoom l\u00e9ger \u00e0 1.1x *\/||}||&#8221; global_colors_info=&#8221;{}&#8221; sticky_enabled=&#8221;0&#8243;]<\/p>\n<div class=\"custom-image-zoom-container\">  <!-- [et_pb_line_break_holder] --><\/p>\n<div class=\"custom-image-zoom\"><!-- [et_pb_line_break_holder] -->    <img decoding=\"async\" src=\"https:\/\/canopee.studio\/wp-content\/uploads\/2025\/07\/belli-e-buoni-menu-design.webp\" alt=\"Art Event\" \/><!-- [et_pb_line_break_holder] -->  <\/div>\n<p><!-- [et_pb_line_break_holder] --><\/div>\n<p><!-- [et_pb_line_break_holder] -->[\/et_pb_code][et_pb_code _builder_version=&#8221;4.27.4&#8243; _module_preset=&#8221;default&#8221; custom_margin=&#8221;10px|5px||5px|false|true&#8221; link_option_url=&#8221;https:\/\/canopee.studio\/art-o-rama-centre-wallonie-bruxelles\/&#8221; hover_enabled=&#8221;0&#8243; custom_css_free_form=&#8221;\/* Encapsulation du style pour \u00e9viter tout conflit *\/||.custom-image-zoom-container {||  position: relative;||  width: 100%; \/* Assure que le conteneur prend toute la largeur disponible *\/||  max-width: none; \/* Supprime toute restriction de largeur maximale *\/||  margin: 0; \/* \u00c9vite tout centrage qui pourrait r\u00e9duire la largeur *\/||  overflow: hidden; \/* Coupe tout d\u00e9bordement *\/||}||||.custom-image-zoom img {||  width: 100%; \/* L&#8217;image s&#8217;\u00e9tend toujours \u00e0 la largeur compl\u00e8te du bloc *\/||  height: auto; \/* Pr\u00e9serve les proportions *\/||  display: block; \/* Supprime les espaces blancs sous l&#8217;image *\/||  object-fit: cover; \/* Remplit enti\u00e8rement le conteneur sans d\u00e9formation *\/||  transition: transform 3s ease; \/* Effet de zoom fluide *\/||}||||.custom-image-zoom:hover img {||  transform: scale(1.1); \/* Zoom l\u00e9ger \u00e0 1.1x *\/||}||&#8221; global_colors_info=&#8221;{}&#8221; sticky_enabled=&#8221;0&#8243;]<\/p>\n<div class=\"custom-image-zoom-container\">  <!-- [et_pb_line_break_holder] --><\/p>\n<div class=\"custom-image-zoom\"><!-- [et_pb_line_break_holder] -->    <img decoding=\"async\" src=\"https:\/\/canopee.studio\/wp-content\/uploads\/2025\/07\/inbw-affiche-design-zero-dechets.webp\" alt=\"Art Event\" \/><!-- [et_pb_line_break_holder] -->  <\/div>\n<p><!-- [et_pb_line_break_holder] --><\/div>\n<p><!-- [et_pb_line_break_holder] -->[\/et_pb_code][et_pb_code _builder_version=&#8221;4.27.4&#8243; _module_preset=&#8221;default&#8221; custom_margin=&#8221;10px|5px||5px|false|true&#8221; link_option_url=&#8221;https:\/\/canopee.studio\/art-o-rama-centre-wallonie-bruxelles\/&#8221; hover_enabled=&#8221;0&#8243; custom_css_free_form=&#8221;\/* Encapsulation du style pour \u00e9viter tout conflit *\/||.custom-image-zoom-container {||  position: relative;||  width: 100%; \/* Assure que le conteneur prend toute la largeur disponible *\/||  max-width: none; \/* Supprime toute restriction de largeur maximale *\/||  margin: 0; \/* \u00c9vite tout centrage qui pourrait r\u00e9duire la largeur *\/||  overflow: hidden; \/* Coupe tout d\u00e9bordement *\/||}||||.custom-image-zoom img {||  width: 100%; \/* L&#8217;image s&#8217;\u00e9tend toujours \u00e0 la largeur compl\u00e8te du bloc *\/||  height: auto; \/* Pr\u00e9serve les proportions *\/||  display: block; \/* Supprime les espaces blancs sous l&#8217;image *\/||  object-fit: cover; \/* Remplit enti\u00e8rement le conteneur sans d\u00e9formation *\/||  transition: transform 3s ease; \/* Effet de zoom fluide *\/||}||||.custom-image-zoom:hover img {||  transform: scale(1.1); \/* Zoom l\u00e9ger \u00e0 1.1x *\/||}||&#8221; global_colors_info=&#8221;{}&#8221; sticky_enabled=&#8221;0&#8243;]<\/p>\n<div class=\"custom-image-zoom-container\">  <!-- [et_pb_line_break_holder] --><\/p>\n<div class=\"custom-image-zoom\"><!-- [et_pb_line_break_holder] -->    <img decoding=\"async\" src=\"https:\/\/canopee.studio\/wp-content\/uploads\/2025\/07\/Energy-Skills-poster-design-branding.webp\" alt=\"Art Event\" \/><!-- [et_pb_line_break_holder] -->  <\/div>\n<p><!-- [et_pb_line_break_holder] --><\/div>\n<p><!-- [et_pb_line_break_holder] -->[\/et_pb_code][et_pb_code _builder_version=&#8221;4.27.4&#8243; _module_preset=&#8221;default&#8221; custom_margin=&#8221;10px|5px||5px|false|true&#8221; link_option_url=&#8221;https:\/\/canopee.studio\/art-o-rama-centre-wallonie-bruxelles\/&#8221; hover_enabled=&#8221;0&#8243; custom_css_free_form=&#8221;\/* Encapsulation du style pour \u00e9viter tout conflit *\/||.custom-image-zoom-container {||  position: relative;||  width: 100%; \/* Assure que le conteneur prend toute la largeur disponible *\/||  max-width: none; \/* Supprime toute restriction de largeur maximale *\/||  margin: 0; \/* \u00c9vite tout centrage qui pourrait r\u00e9duire la largeur *\/||  overflow: hidden; \/* Coupe tout d\u00e9bordement *\/||}||||.custom-image-zoom img {||  width: 100%; \/* L&#8217;image s&#8217;\u00e9tend toujours \u00e0 la largeur compl\u00e8te du bloc *\/||  height: auto; \/* Pr\u00e9serve les proportions *\/||  display: block; \/* Supprime les espaces blancs sous l&#8217;image *\/||  object-fit: cover; \/* Remplit enti\u00e8rement le conteneur sans d\u00e9formation *\/||  transition: transform 3s ease; \/* Effet de zoom fluide *\/||}||||.custom-image-zoom:hover img {||  transform: scale(1.1); \/* Zoom l\u00e9ger \u00e0 1.1x *\/||}||&#8221; global_colors_info=&#8221;{}&#8221; sticky_enabled=&#8221;0&#8243;]<\/p>\n<div class=\"custom-image-zoom-container\">  <!-- [et_pb_line_break_holder] --><\/p>\n<div class=\"custom-image-zoom\"><!-- [et_pb_line_break_holder] -->    <img decoding=\"async\" src=\"https:\/\/canopee.studio\/wp-content\/uploads\/2025\/07\/Termoli-website-branding-logo.webp\" alt=\"Art Event\" \/><!-- [et_pb_line_break_holder] -->  <\/div>\n<p><!-- [et_pb_line_break_holder] --><\/div>\n<p><!-- [et_pb_line_break_holder] -->[\/et_pb_code][et_pb_code _builder_version=&#8221;4.27.4&#8243; _module_preset=&#8221;default&#8221; custom_margin=&#8221;10px|5px||5px|false|true&#8221; hover_enabled=&#8221;0&#8243; global_colors_info=&#8221;{}&#8221; sticky_enabled=&#8221;0&#8243;]<\/p>\n<div class=\"custom-image-zoom-container\"> <!-- [et_pb_line_break_holder] --><\/p>\n<div class=\"custom-image-zoom\"><!-- [et_pb_line_break_holder] -->    <img decoding=\"async\" src=\"https:\/\/canopee.studio\/wp-content\/uploads\/2025\/07\/Termoli-banner-branding-logo.webp\" alt=\"Art Event\" \/><!-- [et_pb_line_break_holder] -->  <\/div>\n<p><!-- [et_pb_line_break_holder] --><\/div>\n<p><!-- [et_pb_line_break_holder] -->[\/et_pb_code][et_pb_code _builder_version=&#8221;4.27.4&#8243; _module_preset=&#8221;default&#8221; custom_margin=&#8221;10px|5px||5px|false|true&#8221; hover_enabled=&#8221;0&#8243; global_colors_info=&#8221;{}&#8221; sticky_enabled=&#8221;0&#8243;]<\/p>\n<div class=\"custom-image-zoom-container\"> <!-- [et_pb_line_break_holder] --><\/p>\n<div class=\"custom-image-zoom\"><!-- [et_pb_line_break_holder] -->    <img decoding=\"async\" src=\"https:\/\/canopee.studio\/wp-content\/uploads\/2025\/07\/enabel-magazine-layeur.webp\" alt=\"Art Event\" \/><!-- [et_pb_line_break_holder] -->  <\/div>\n<p><!-- [et_pb_line_break_holder] --><\/div>\n<p><!-- [et_pb_line_break_holder] -->[\/et_pb_code][et_pb_code _builder_version=&#8221;4.27.4&#8243; _module_preset=&#8221;default&#8221; custom_margin=&#8221;10px|5px||5px|false|true&#8221; hover_enabled=&#8221;0&#8243; global_colors_info=&#8221;{}&#8221; sticky_enabled=&#8221;0&#8243;]<\/p>\n<div class=\"custom-image-zoom-container\"> <!-- [et_pb_line_break_holder] --><\/p>\n<div class=\"custom-image-zoom\"><!-- [et_pb_line_break_holder] -->    <img decoding=\"async\" src=\"https:\/\/canopee.studio\/wp-content\/uploads\/2025\/07\/Magazine-Book-annual-report.webp\" alt=\"Art Event\" \/><!-- [et_pb_line_break_holder] -->  <\/div>\n<p><!-- [et_pb_line_break_holder] --><\/div>\n<p><!-- [et_pb_line_break_holder] -->[\/et_pb_code][et_pb_code _builder_version=&#8221;4.27.4&#8243; _module_preset=&#8221;default&#8221; custom_margin=&#8221;10px|5px||5px|false|true&#8221; hover_enabled=&#8221;0&#8243; global_colors_info=&#8221;{}&#8221; sticky_enabled=&#8221;0&#8243;]<\/p>\n<div class=\"custom-image-zoom-container\"> <!-- [et_pb_line_break_holder] --><\/p>\n<div class=\"custom-image-zoom\"><!-- [et_pb_line_break_holder] -->    <img decoding=\"async\" src=\"https:\/\/canopee.studio\/wp-content\/uploads\/2025\/07\/Magazine-layout-design.webp\" alt=\"Art Event\" \/><!-- [et_pb_line_break_holder] -->  <\/div>\n<p><!-- [et_pb_line_break_holder] --><\/div>\n<p><!-- [et_pb_line_break_holder] -->[\/et_pb_code][et_pb_code _builder_version=&#8221;4.27.4&#8243; _module_preset=&#8221;default&#8221; custom_margin=&#8221;10px|5px||5px|false|true&#8221; hover_enabled=&#8221;0&#8243; global_colors_info=&#8221;{}&#8221; sticky_enabled=&#8221;0&#8243;]<\/p>\n<div class=\"custom-image-zoom-container\"> <!-- [et_pb_line_break_holder] --><\/p>\n<div class=\"custom-image-zoom\"><!-- [et_pb_line_break_holder] -->    <img decoding=\"async\" src=\"https:\/\/canopee.studio\/wp-content\/uploads\/2025\/07\/Packaging-Fortyfivecups-scaled.webp\" alt=\"Art Event\" \/><!-- [et_pb_line_break_holder] -->  <\/div>\n<p><!-- [et_pb_line_break_holder] --><\/div>\n<p><!-- [et_pb_line_break_holder] -->[\/et_pb_code][\/et_pb_column][\/et_pb_row][et_pb_row column_structure=&#8221;2_5,3_5&#8243; use_custom_gutter=&#8221;on&#8221; gutter_width=&#8221;1&#8243; custom_padding_last_edited=&#8221;on|phone&#8221; _builder_version=&#8221;4.27.4&#8243; _module_preset=&#8221;default&#8221; background_color=&#8221;RGBA(255,255,255,0)&#8221; width=&#8221;90%&#8221; width_tablet=&#8221;90%&#8221; width_phone=&#8221;90%&#8221; width_last_edited=&#8221;on|phone&#8221; max_width=&#8221;2560px&#8221; custom_margin=&#8221;71px|auto|100px|auto|false|true&#8221; custom_margin_tablet=&#8221;30px||||false|true&#8221; custom_margin_phone=&#8221;0px|10px|0px|10px|false|true&#8221; custom_margin_last_edited=&#8221;on|phone&#8221; custom_padding=&#8221;100px|100px|100px|100px|true|true&#8221; custom_padding_tablet=&#8221;50px||50px||true|true&#8221; custom_padding_phone=&#8221;30px|20px|30px|20px|true|true&#8221; motion_trigger_start=&#8221;top&#8221; border_width_all=&#8221;1px&#8221; global_colors_info=&#8221;{}&#8221;][et_pb_column type=&#8221;2_5&#8243; _builder_version=&#8221;4.27.2&#8243; _module_preset=&#8221;default&#8221; global_colors_info=&#8221;{}&#8221;][et_pb_image src=&#8221;https:\/\/canopee.studio\/wp-content\/uploads\/2025\/01\/Arrow-canopeestudio.png&#8221; title_text=&#8221;Arrow-canopeestudio&#8221; _builder_version=&#8221;4.27.4&#8243; _module_preset=&#8221;default&#8221; transform_rotate=&#8221;0deg|0deg|45deg&#8221; width=&#8221;6%&#8221; width_tablet=&#8221;5%&#8221; width_phone=&#8221;8%&#8221; width_last_edited=&#8221;on|phone&#8221; custom_margin=&#8221;||19px||false|false&#8221; global_colors_info=&#8221;{}&#8221;][\/et_pb_image][\/et_pb_column][et_pb_column type=&#8221;3_5&#8243; _builder_version=&#8221;4.27.2&#8243; _module_preset=&#8221;default&#8221; global_colors_info=&#8221;{}&#8221;][et_pb_text _builder_version=&#8221;4.27.4&#8243; _module_preset=&#8221;default&#8221; text_font=&#8221;Satoshi Regular||||||||&#8221; text_text_color=&#8221;#000000&#8243; text_line_height=&#8221;1.4em&#8221; header_font=&#8221;Playfair Display||||||||&#8221; header_text_color=&#8221;#FFFFFF&#8221; header_font_size=&#8221;85px&#8221; header_line_height=&#8221;1.3em&#8221; header_2_font=&#8221;Playfair Display||||||||&#8221; header_2_text_color=&#8221;#000000&#8243; header_2_font_size=&#8221;60px&#8221; header_2_line_height=&#8221;1.2em&#8221; header_3_font=&#8221;Satoshi Regular||||||||&#8221; header_3_text_color=&#8221;#FFFFFF&#8221; header_3_font_size=&#8221;26px&#8221; header_3_line_height=&#8221;1.2em&#8221; background_color=&#8221;RGBA(255,255,255,0)&#8221; custom_margin=&#8221;||||false|false&#8221; custom_padding=&#8221;0px|300px|0px|0px|true|false&#8221; custom_padding_tablet=&#8221;0px|0px|0px|0px|true|false&#8221; custom_padding_phone=&#8221;0px|0px|0px|0px|true|false&#8221; custom_padding_last_edited=&#8221;on|phone&#8221; hover_enabled=&#8221;0&#8243; text_font_size_tablet=&#8221;&#8221; text_font_size_phone=&#8221;17px&#8221; text_font_size_last_edited=&#8221;on|phone&#8221; header_2_font_size_tablet=&#8221;33px&#8221; header_2_font_size_phone=&#8221;26px&#8221; header_2_font_size_last_edited=&#8221;on|phone&#8221; header_3_font_size_tablet=&#8221;22px&#8221; header_3_font_size_phone=&#8221;21px&#8221; header_3_font_size_last_edited=&#8221;on|phone&#8221; header_3_line_height_tablet=&#8221;1.2em&#8221; header_3_line_height_phone=&#8221;1.2em&#8221; header_3_line_height_last_edited=&#8221;on|desktop&#8221; global_colors_info=&#8221;{}&#8221; sticky_enabled=&#8221;0&#8243;]<\/p>\n<h2>Curious about what\u2019s possible for your project?<\/h2>\n<p>Grab a virtual coffee and let\u2019s chat about your goals and the ways our processes can make them happen.<\/p>\n<p>[\/et_pb_text][et_pb_button button_url=&#8221;https:\/\/canopee.studio\/book-a-call\/&#8221; button_text=&#8221;Let&#8217;s connect \ud83d\udc4b &#8221; button_alignment=&#8221;left&#8221; button_text_tablet=&#8221;Book a discovery call \ud83d\udc4b &#8211; it&#8217;s free&#8221; button_text_phone=&#8221;Book a discovery call \ud83d\udc4b&#8221; button_text_last_edited=&#8221;on|phone&#8221; button_alignment_tablet=&#8221;left&#8221; button_alignment_phone=&#8221;left&#8221; button_alignment_last_edited=&#8221;on|tablet&#8221; _builder_version=&#8221;4.27.4&#8243; _module_preset=&#8221;default&#8221; custom_button=&#8221;on&#8221; button_text_size=&#8221;18px&#8221; button_text_color=&#8221;#FFFFFF&#8221; button_bg_color=&#8221;#000000&#8243; button_border_width=&#8221;0px&#8221; button_border_color=&#8221;#FFFFFF&#8221; button_border_radius=&#8221;100px&#8221; button_use_icon=&#8221;off&#8221; custom_margin=&#8221;23px|||||&#8221; custom_margin_tablet=&#8221;15px||||false|false&#8221; custom_margin_phone=&#8221;15px|||0px|false|false&#8221; custom_margin_last_edited=&#8221;on|phone&#8221; custom_padding=&#8221;10px|30px|10px|30px|true|true&#8221; button_text_size_tablet=&#8221;22px&#8221; button_text_size_phone=&#8221;18px&#8221; button_text_size_last_edited=&#8221;on|phone&#8221; global_colors_info=&#8221;{}&#8221;][\/et_pb_button][\/et_pb_column][\/et_pb_row][\/et_pb_section]<\/p>\n","protected":false},"excerpt":{"rendered":"<p>Discover a glimpse into the kind of work we create for our clientsCurious about what\u2019s possible for your project? Grab a virtual coffee and let\u2019s chat about your goals and the ways our processes can make them happen.<\/p>","protected":false},"author":3,"featured_media":0,"parent":0,"menu_order":0,"comment_status":"closed","ping_status":"closed","template":"","meta":{"_et_pb_use_builder":"on","_et_pb_old_content":"","_et_gb_content_width":"","om_disable_all_campaigns":false,"footnotes":""},"class_list":["post-22991043","page","type-page","status-publish","hentry"],"_links":{"self":[{"href":"https:\/\/canopee.studio\/fr\/wp-json\/wp\/v2\/pages\/22991043","targetHints":{"allow":["GET"]}}],"collection":[{"href":"https:\/\/canopee.studio\/fr\/wp-json\/wp\/v2\/pages"}],"about":[{"href":"https:\/\/canopee.studio\/fr\/wp-json\/wp\/v2\/types\/page"}],"author":[{"embeddable":true,"href":"https:\/\/canopee.studio\/fr\/wp-json\/wp\/v2\/users\/3"}],"replies":[{"embeddable":true,"href":"https:\/\/canopee.studio\/fr\/wp-json\/wp\/v2\/comments?post=22991043"}],"version-history":[{"count":21,"href":"https:\/\/canopee.studio\/fr\/wp-json\/wp\/v2\/pages\/22991043\/revisions"}],"predecessor-version":[{"id":22991088,"href":"https:\/\/canopee.studio\/fr\/wp-json\/wp\/v2\/pages\/22991043\/revisions\/22991088"}],"wp:attachment":[{"href":"https:\/\/canopee.studio\/fr\/wp-json\/wp\/v2\/media?parent=22991043"}],"curies":[{"name":"wp","href":"https:\/\/api.w.org\/{rel}","templated":true}]}}